{"id":448,"date":"2024-06-04T17:38:55","date_gmt":"2024-06-04T15:38:55","guid":{"rendered":"https:\/\/lesauthentiquesenperigord.com\/?page_id=448"},"modified":"2025-05-26T10:36:57","modified_gmt":"2025-05-26T08:36:57","slug":"contact","status":"publish","type":"page","link":"https:\/\/lesauthentiquesenperigord.com\/index.php\/contact\/","title":{"rendered":"Contact"},"content":{"rendered":"\t\t<div data-elementor-type=\"wp-page\" data-elementor-id=\"448\" class=\"elementor elementor-448\">\n\t\t\t\t<div class=\"elementor-element elementor-element-4cb693f elementor-hidden-mobile e-flex e-con-boxed wpr-particle-no wpr-jarallax-no wpr-parallax-no wpr-sticky-section-no wpr-equal-height-no e-con e-parent\" data-id=\"4cb693f\" data-element_type=\"container\" data-e-type=\"container\" data-settings=\"{&quot;background_background&quot;:&quot;classic&quot;}\">\n\t\t\t\t\t<div class=\"e-con-inner\">\n\t\t\t\t<div class=\"elementor-element elementor-element-d143c7f elementor-widget elementor-widget-heading\" data-id=\"d143c7f\" data-element_type=\"widget\" data-e-type=\"widget\" data-widget_type=\"heading.default\">\n\t\t\t\t<div class=\"elementor-widget-container\">\n\t\t\t\t\t<h1 class=\"elementor-heading-title elementor-size-default\">Formulaire de Contact<\/h1>\t\t\t\t<\/div>\n\t\t\t\t<\/div>\n\t\t\t\t<div class=\"elementor-element elementor-element-fb68d20 elementor-widget__width-initial elementor-widget elementor-widget-wpforms\" data-id=\"fb68d20\" data-element_type=\"widget\" data-e-type=\"widget\" data-widget_type=\"wpforms.default\">\n\t\t\t\t<div class=\"elementor-widget-container\">\n\t\t\t\t\t<style id=\"wpforms-css-vars-elementor-widget-fb68d20\">\n\t\t\t\t.elementor-widget-wpforms.elementor-element-fb68d20 {\n\t\t\t\t--wpforms-field-size-input-height: 50px;\n--wpforms-field-size-input-spacing: 20px;\n--wpforms-field-size-font-size: 18px;\n--wpforms-field-size-line-height: 21px;\n--wpforms-field-size-padding-h: 14px;\n--wpforms-field-size-checkbox-size: 18px;\n--wpforms-field-size-sublabel-spacing: 10px;\n--wpforms-field-size-icon-size: 1.25;\n\t\t\t}\n\t\t\t<\/style><div class=\"wpforms-container wpforms-container-full wpforms-render-modern\" id=\"wpforms-2845\"><form id=\"wpforms-form-2845\" class=\"wpforms-validate wpforms-form wpforms-ajax-form\" data-formid=\"2845\" method=\"post\" enctype=\"multipart\/form-data\" action=\"\/index.php\/wp-json\/wp\/v2\/pages\/448\" data-token=\"7a34d4aacefe0b2f0783953a49fcc44b\" data-token-time=\"1778673652\"><noscript class=\"wpforms-error-noscript\">Veuillez activer JavaScript dans votre navigateur pour remplir ce formulaire.<\/noscript><div id=\"wpforms-error-noscript\" style=\"display: none;\">Veuillez activer JavaScript dans votre navigateur pour remplir ce formulaire.<\/div><div class=\"wpforms-field-container\"><div id=\"wpforms-2845-field_1-container\" class=\"wpforms-field wpforms-field-name\" data-field-id=\"1\"><fieldset><legend class=\"wpforms-field-label\">Nom <span class=\"wpforms-required-label\" aria-hidden=\"true\">*<\/span><\/legend><div class=\"wpforms-field-row wpforms-field-large\"><div class=\"wpforms-field-row-block wpforms-first wpforms-one-half\"><input type=\"text\" id=\"wpforms-2845-field_1\" class=\"wpforms-field-name-first wpforms-field-required\" name=\"wpforms[fields][1][first]\" placeholder=\"Pr\u00e9nom\" aria-errormessage=\"wpforms-2845-field_1-error\" required><label for=\"wpforms-2845-field_1\" class=\"wpforms-field-sublabel after\">Pr\u00e9nom<\/label><\/div><div class=\"wpforms-field-row-block wpforms-one-half\"><input type=\"text\" id=\"wpforms-2845-field_1-last\" class=\"wpforms-field-name-last wpforms-field-required\" name=\"wpforms[fields][1][last]\" placeholder=\"Nom\" aria-errormessage=\"wpforms-2845-field_1-last-error\" required><label for=\"wpforms-2845-field_1-last\" class=\"wpforms-field-sublabel after\">Nom<\/label><\/div><\/div><\/fieldset><\/div><div id=\"wpforms-2845-field_2-container\" class=\"wpforms-field wpforms-field-email\" data-field-id=\"2\"><label class=\"wpforms-field-label\" for=\"wpforms-2845-field_2\">E-mail <span class=\"wpforms-required-label\" aria-hidden=\"true\">*<\/span><\/label><input type=\"email\" id=\"wpforms-2845-field_2\" class=\"wpforms-field-large wpforms-field-required\" name=\"wpforms[fields][2]\" placeholder=\"Votre adresse mail\" spellcheck=\"false\" aria-errormessage=\"wpforms-2845-field_2-error\" required><\/div><div id=\"wpforms-2845-field_5-container\" class=\"wpforms-field wpforms-field-number\" data-field-id=\"5\"><label class=\"wpforms-field-label\" for=\"wpforms-2845-field_5\">Nombres de personnes<\/label><input type=\"number\" id=\"wpforms-2845-field_5\" class=\"wpforms-field-small\" name=\"wpforms[fields][5]\" step=\"any\" aria-errormessage=\"wpforms-2845-field_5-error\" ><\/div><div id=\"wpforms-2845-field_7-container\" class=\"wpforms-field wpforms-field-text\" data-field-id=\"7\"><label class=\"wpforms-field-label\" for=\"wpforms-2845-field_7\">P\u00e9riode de r\u00e9servation souhait\u00e9e<\/label><input type=\"text\" id=\"wpforms-2845-field_7\" class=\"wpforms-field-medium\" name=\"wpforms[fields][7]\" aria-errormessage=\"wpforms-2845-field_7-error\" ><\/div><div id=\"wpforms-2845-field_3-container\" class=\"wpforms-field wpforms-field-text\" data-field-id=\"3\"><label class=\"wpforms-field-label\" for=\"wpforms-2845-field_3\">Message<\/label><input type=\"text\" id=\"wpforms-2845-field_3\" class=\"wpforms-field-large\" name=\"wpforms[fields][3]\" placeholder=\"Votre message\" aria-errormessage=\"wpforms-2845-field_3-error\" ><\/div><div id=\"wpforms-2845-field_4-container\" class=\"wpforms-field wpforms-field-checkbox\" data-field-id=\"4\"><fieldset><legend class=\"wpforms-field-label\">Cases \u00e0 cocher <span class=\"wpforms-required-label\" aria-hidden=\"true\">*<\/span><\/legend><ul id=\"wpforms-2845-field_4\" class=\"wpforms-field-required\"><li class=\"choice-1 depth-1\"><input type=\"checkbox\" id=\"wpforms-2845-field_4_1\" name=\"wpforms[fields][4][]\" value=\"En cochant cette case, vous autorisez que vos donn\u00e9es personnelles soient recueillies par Les Authentiques, conform\u00e9ment \u00e0 notre politique de confidentialit\u00e9.\" aria-errormessage=\"wpforms-2845-field_4_1-error\" required ><label class=\"wpforms-field-label-inline\" for=\"wpforms-2845-field_4_1\">En cochant cette case, vous autorisez que vos donn\u00e9es personnelles soient recueillies par Les Authentiques, conform\u00e9ment \u00e0 notre politique de confidentialit\u00e9.<\/label><\/li><\/ul><\/fieldset><\/div><\/div><!-- .wpforms-field-container --><div class=\"wpforms-submit-container\" ><input type=\"hidden\" name=\"wpforms[id]\" value=\"2845\"><input type=\"hidden\" name=\"page_title\" value=\"\"><input type=\"hidden\" name=\"page_url\" value=\"https:\/\/lesauthentiquesenperigord.com\/index.php\/wp-json\/wp\/v2\/pages\/448\"><input type=\"hidden\" name=\"url_referer\" value=\"\"><button type=\"submit\" name=\"wpforms[submit]\" id=\"wpforms-submit-2845\" class=\"wpforms-submit\" data-alt-text=\"Envoi...\" data-submit-text=\"Envoyer\" aria-live=\"assertive\" value=\"wpforms-submit\">Envoyer<\/button><img decoding=\"async\" src=\"https:\/\/lesauthentiquesenperigord.com\/wp-content\/plugins\/wpforms-lite\/assets\/images\/submit-spin.svg\" class=\"wpforms-submit-spinner\" style=\"display: none;\" width=\"26\" height=\"26\" alt=\"Chargement en cours\"><\/div><\/form><\/div>  <!-- .wpforms-container -->\t\t\t\t<\/div>\n\t\t\t\t<\/div>\n\t\t\t\t\t<\/div>\n\t\t\t\t<\/div>\n\t\t<div class=\"elementor-element elementor-element-cabf506 elementor-hidden-desktop elementor-hidden-tablet e-flex e-con-boxed wpr-particle-no wpr-jarallax-no wpr-parallax-no wpr-sticky-section-no wpr-equal-height-no e-con e-parent\" data-id=\"cabf506\" data-element_type=\"container\" data-e-type=\"container\" data-settings=\"{&quot;background_background&quot;:&quot;classic&quot;}\">\n\t\t\t\t\t<div class=\"e-con-inner\">\n\t\t\t\t<div class=\"elementor-element elementor-element-cc0cb28 elementor-widget elementor-widget-heading\" data-id=\"cc0cb28\" data-element_type=\"widget\" data-e-type=\"widget\" data-widget_type=\"heading.default\">\n\t\t\t\t<div class=\"elementor-widget-container\">\n\t\t\t\t\t<h1 class=\"elementor-heading-title elementor-size-default\">Formulaire de Contact<\/h1>\t\t\t\t<\/div>\n\t\t\t\t<\/div>\n\t\t\t\t<div class=\"elementor-element elementor-element-8e7a711 elementor-widget__width-initial elementor-widget-mobile__width-initial elementor-widget elementor-widget-wpforms\" data-id=\"8e7a711\" data-element_type=\"widget\" data-e-type=\"widget\" data-widget_type=\"wpforms.default\">\n\t\t\t\t<div class=\"elementor-widget-container\">\n\t\t\t\t\t<style id=\"wpforms-css-vars-elementor-widget-8e7a711\">\n\t\t\t\t.elementor-widget-wpforms.elementor-element-8e7a711 {\n\t\t\t\t--wpforms-field-size-input-height: 50px;\n--wpforms-field-size-input-spacing: 20px;\n--wpforms-field-size-font-size: 18px;\n--wpforms-field-size-line-height: 21px;\n--wpforms-field-size-padding-h: 14px;\n--wpforms-field-size-checkbox-size: 18px;\n--wpforms-field-size-sublabel-spacing: 10px;\n--wpforms-field-size-icon-size: 1.25;\n\t\t\t}\n\t\t\t<\/style><div class=\"wpforms-container wpforms-container-full wpforms-render-modern\" id=\"wpforms-2845\"><form id=\"wpforms-form-2845\" class=\"wpforms-validate wpforms-form wpforms-ajax-form\" data-formid=\"2845\" method=\"post\" enctype=\"multipart\/form-data\" action=\"\/index.php\/wp-json\/wp\/v2\/pages\/448\" data-token=\"7a34d4aacefe0b2f0783953a49fcc44b\" data-token-time=\"1778673652\"><noscript class=\"wpforms-error-noscript\">Veuillez activer JavaScript dans votre navigateur pour remplir ce formulaire.<\/noscript><div id=\"wpforms-error-noscript\" style=\"display: none;\">Veuillez activer JavaScript dans votre navigateur pour remplir ce formulaire.<\/div><div class=\"wpforms-field-container\"><div id=\"wpforms-2845-field_1-container\" class=\"wpforms-field wpforms-field-name\" data-field-id=\"1\"><fieldset><legend class=\"wpforms-field-label\">Nom <span class=\"wpforms-required-label\" aria-hidden=\"true\">*<\/span><\/legend><div class=\"wpforms-field-row wpforms-field-large\"><div class=\"wpforms-field-row-block wpforms-first wpforms-one-half\"><input type=\"text\" id=\"wpforms-2845-field_1\" class=\"wpforms-field-name-first wpforms-field-required\" name=\"wpforms[fields][1][first]\" placeholder=\"Pr\u00e9nom\" aria-errormessage=\"wpforms-2845-field_1-error\" required><label for=\"wpforms-2845-field_1\" class=\"wpforms-field-sublabel after\">Pr\u00e9nom<\/label><\/div><div class=\"wpforms-field-row-block wpforms-one-half\"><input type=\"text\" id=\"wpforms-2845-field_1-last\" class=\"wpforms-field-name-last wpforms-field-required\" name=\"wpforms[fields][1][last]\" placeholder=\"Nom\" aria-errormessage=\"wpforms-2845-field_1-last-error\" required><label for=\"wpforms-2845-field_1-last\" class=\"wpforms-field-sublabel after\">Nom<\/label><\/div><\/div><\/fieldset><\/div><div id=\"wpforms-2845-field_2-container\" class=\"wpforms-field wpforms-field-email\" data-field-id=\"2\"><label class=\"wpforms-field-label\" for=\"wpforms-2845-field_2\">E-mail <span class=\"wpforms-required-label\" aria-hidden=\"true\">*<\/span><\/label><input type=\"email\" id=\"wpforms-2845-field_2\" class=\"wpforms-field-large wpforms-field-required\" name=\"wpforms[fields][2]\" placeholder=\"Votre adresse mail\" spellcheck=\"false\" aria-errormessage=\"wpforms-2845-field_2-error\" required><\/div><div id=\"wpforms-2845-field_5-container\" class=\"wpforms-field wpforms-field-number\" data-field-id=\"5\"><label class=\"wpforms-field-label\" for=\"wpforms-2845-field_5\">Nombres de personnes<\/label><input type=\"number\" id=\"wpforms-2845-field_5\" class=\"wpforms-field-small\" name=\"wpforms[fields][5]\" step=\"any\" aria-errormessage=\"wpforms-2845-field_5-error\" ><\/div><div id=\"wpforms-2845-field_7-container\" class=\"wpforms-field wpforms-field-text\" data-field-id=\"7\"><label class=\"wpforms-field-label\" for=\"wpforms-2845-field_7\">P\u00e9riode de r\u00e9servation souhait\u00e9e<\/label><input type=\"text\" id=\"wpforms-2845-field_7\" class=\"wpforms-field-medium\" name=\"wpforms[fields][7]\" aria-errormessage=\"wpforms-2845-field_7-error\" ><\/div><div id=\"wpforms-2845-field_3-container\" class=\"wpforms-field wpforms-field-text\" data-field-id=\"3\"><label class=\"wpforms-field-label\" for=\"wpforms-2845-field_3\">Message<\/label><input type=\"text\" id=\"wpforms-2845-field_3\" class=\"wpforms-field-large\" name=\"wpforms[fields][3]\" placeholder=\"Votre message\" aria-errormessage=\"wpforms-2845-field_3-error\" ><\/div><div id=\"wpforms-2845-field_4-container\" class=\"wpforms-field wpforms-field-checkbox\" data-field-id=\"4\"><fieldset><legend class=\"wpforms-field-label\">Cases \u00e0 cocher <span class=\"wpforms-required-label\" aria-hidden=\"true\">*<\/span><\/legend><ul id=\"wpforms-2845-field_4\" class=\"wpforms-field-required\"><li class=\"choice-1 depth-1\"><input type=\"checkbox\" id=\"wpforms-2845-field_4_1\" name=\"wpforms[fields][4][]\" value=\"En cochant cette case, vous autorisez que vos donn\u00e9es personnelles soient recueillies par Les Authentiques, conform\u00e9ment \u00e0 notre politique de confidentialit\u00e9.\" aria-errormessage=\"wpforms-2845-field_4_1-error\" required ><label class=\"wpforms-field-label-inline\" for=\"wpforms-2845-field_4_1\">En cochant cette case, vous autorisez que vos donn\u00e9es personnelles soient recueillies par Les Authentiques, conform\u00e9ment \u00e0 notre politique de confidentialit\u00e9.<\/label><\/li><\/ul><\/fieldset><\/div><\/div><!-- .wpforms-field-container --><div class=\"wpforms-submit-container\" ><input type=\"hidden\" name=\"wpforms[id]\" value=\"2845\"><input type=\"hidden\" name=\"page_title\" value=\"\"><input type=\"hidden\" name=\"page_url\" value=\"https:\/\/lesauthentiquesenperigord.com\/index.php\/wp-json\/wp\/v2\/pages\/448\"><input type=\"hidden\" name=\"url_referer\" value=\"\"><button type=\"submit\" name=\"wpforms[submit]\" id=\"wpforms-submit-2845\" class=\"wpforms-submit\" data-alt-text=\"Envoi...\" data-submit-text=\"Envoyer\" aria-live=\"assertive\" value=\"wpforms-submit\">Envoyer<\/button><img decoding=\"async\" src=\"https:\/\/lesauthentiquesenperigord.com\/wp-content\/plugins\/wpforms-lite\/assets\/images\/submit-spin.svg\" class=\"wpforms-submit-spinner\" style=\"display: none;\" width=\"26\" height=\"26\" alt=\"Chargement en cours\"><\/div><\/form><\/div>  <!-- .wpforms-container -->\t\t\t\t<\/div>\n\t\t\t\t<\/div>\n\t\t\t\t\t<\/div>\n\t\t\t\t<\/div>\n\t\t\t\t<\/div>\n\t\t","protected":false},"excerpt":{"rendered":"<p>Formulaire de Contact Veuillez activer JavaScript dans votre navigateur pour remplir ce formulaire.Veuillez activer JavaScript dans votre navigateur pour remplir ce formulaire. Nom * Pr\u00e9nomNom E-mail *Nombres de personnesP\u00e9riode de r\u00e9servation souhait\u00e9eMessage Cases \u00e0 cocher * En cochant cette case, vous autorisez que vos donn\u00e9es personnelles soient recueillies par Les Authentiques, conform\u00e9ment \u00e0 notre politique de confidentialit\u00e9. Envoyer Formulaire de Contact Veuillez activer JavaScript dans votre navigateur pour remplir ce formulaire.Veuillez activer JavaScript dans votre navigateur pour remplir ce formulaire. Nom * Pr\u00e9nomNom E-mail *Nombres de personnesP\u00e9riode de r\u00e9servation souhait\u00e9eMessage Cases \u00e0 cocher * En cochant cette case, vous autorisez que vos donn\u00e9es personnelles soient recueillies par Les Authentiques, conform\u00e9ment \u00e0 notre politique de confidentialit\u00e9. Envoyer<\/p>\n","protected":false},"author":1,"featured_media":0,"parent":0,"menu_order":0,"comment_status":"closed","ping_status":"closed","template":"","meta":{"_monsterinsights_skip_tracking":false,"_monsterinsights_sitenote_active":false,"_monsterinsights_sitenote_note":"","_monsterinsights_sitenote_category":0,"footnotes":""},"class_list":["post-448","page","type-page","status-publish","hentry","entry"],"yoast_head":"<!-- This site is optimized with the Yoast SEO plugin v27.4 - https:\/\/yoast.com\/product\/yoast-seo-wordpress\/ -->\n<title>gite en perigord avec piscineContact - lesauthentiquesenperigord.com<\/title>\n<meta name=\"description\" content=\"gite en perigord avec piscine, Les Authentiques vous accueillent dans ses 3 g\u00eetes de charme au coeur du P\u00e9rigord Noir, pr\u00e8s de Sarlat.\" \/>\n<meta name=\"robots\" content=\"index, follow, max-snippet:-1, max-image-preview:large, max-video-preview:-1\" \/>\n<link rel=\"canonical\" href=\"https:\/\/lesauthentiquesenperigord.com\/index.php\/contact\/\" \/>\n<meta property=\"og:locale\" content=\"fr_FR\" \/>\n<meta property=\"og:type\" content=\"article\" \/>\n<meta property=\"og:title\" content=\"gite en perigord avec piscineContact - lesauthentiquesenperigord.com\" \/>\n<meta property=\"og:description\" content=\"gite en perigord avec piscine, Les Authentiques vous accueillent dans ses 3 g\u00eetes de charme au coeur du P\u00e9rigord Noir, pr\u00e8s de Sarlat.\" \/>\n<meta property=\"og:url\" content=\"https:\/\/lesauthentiquesenperigord.com\/index.php\/contact\/\" \/>\n<meta property=\"og:site_name\" content=\"lesauthentiquesenperigord.com\" \/>\n<meta property=\"article:publisher\" content=\"https:\/\/www.facebook.com\/profile.php?id=61562424307183\" \/>\n<meta property=\"article:modified_time\" content=\"2025-05-26T08:36:57+00:00\" \/>\n<meta property=\"og:image\" content=\"https:\/\/lesauthentiquesenperigord.com\/wp-content\/plugins\/wpforms-lite\/assets\/images\/submit-spin.svg\" \/>\n<meta name=\"twitter:card\" content=\"summary_large_image\" \/>\n<meta name=\"twitter:label1\" content=\"Dur\u00e9e de lecture estim\u00e9e\" \/>\n\t<meta name=\"twitter:data1\" content=\"1 minute\" \/>\n<script type=\"application\/ld+json\" class=\"yoast-schema-graph\">{\"@context\":\"https:\\\/\\\/schema.org\",\"@graph\":[{\"@type\":\"WebPage\",\"@id\":\"https:\\\/\\\/lesauthentiquesenperigord.com\\\/index.php\\\/contact\\\/\",\"url\":\"https:\\\/\\\/lesauthentiquesenperigord.com\\\/index.php\\\/contact\\\/\",\"name\":\"gite en perigord avec piscineContact - lesauthentiquesenperigord.com\",\"isPartOf\":{\"@id\":\"https:\\\/\\\/lesauthentiquesenperigord.com\\\/#website\"},\"primaryImageOfPage\":{\"@id\":\"https:\\\/\\\/lesauthentiquesenperigord.com\\\/index.php\\\/contact\\\/#primaryimage\"},\"image\":{\"@id\":\"https:\\\/\\\/lesauthentiquesenperigord.com\\\/index.php\\\/contact\\\/#primaryimage\"},\"thumbnailUrl\":\"https:\\\/\\\/lesauthentiquesenperigord.com\\\/wp-content\\\/plugins\\\/wpforms-lite\\\/assets\\\/images\\\/submit-spin.svg\",\"datePublished\":\"2024-06-04T15:38:55+00:00\",\"dateModified\":\"2025-05-26T08:36:57+00:00\",\"description\":\"gite en perigord avec piscine, Les Authentiques vous accueillent dans ses 3 g\u00eetes de charme au coeur du P\u00e9rigord Noir, pr\u00e8s de Sarlat.\",\"breadcrumb\":{\"@id\":\"https:\\\/\\\/lesauthentiquesenperigord.com\\\/index.php\\\/contact\\\/#breadcrumb\"},\"inLanguage\":\"fr-FR\",\"potentialAction\":[{\"@type\":\"ReadAction\",\"target\":[\"https:\\\/\\\/lesauthentiquesenperigord.com\\\/index.php\\\/contact\\\/\"]}]},{\"@type\":\"ImageObject\",\"inLanguage\":\"fr-FR\",\"@id\":\"https:\\\/\\\/lesauthentiquesenperigord.com\\\/index.php\\\/contact\\\/#primaryimage\",\"url\":\"https:\\\/\\\/lesauthentiquesenperigord.com\\\/wp-content\\\/plugins\\\/wpforms-lite\\\/assets\\\/images\\\/submit-spin.svg\",\"contentUrl\":\"https:\\\/\\\/lesauthentiquesenperigord.com\\\/wp-content\\\/plugins\\\/wpforms-lite\\\/assets\\\/images\\\/submit-spin.svg\"},{\"@type\":\"BreadcrumbList\",\"@id\":\"https:\\\/\\\/lesauthentiquesenperigord.com\\\/index.php\\\/contact\\\/#breadcrumb\",\"itemListElement\":[{\"@type\":\"ListItem\",\"position\":1,\"name\":\"Accueil\",\"item\":\"https:\\\/\\\/lesauthentiquesenperigord.com\\\/\"},{\"@type\":\"ListItem\",\"position\":2,\"name\":\"Contact\"}]},{\"@type\":\"WebSite\",\"@id\":\"https:\\\/\\\/lesauthentiquesenperigord.com\\\/#website\",\"url\":\"https:\\\/\\\/lesauthentiquesenperigord.com\\\/\",\"name\":\"lesauthentiquesenperigord.com\",\"description\":\"Demeures de charme en P\u00e9rigord\",\"publisher\":{\"@id\":\"https:\\\/\\\/lesauthentiquesenperigord.com\\\/#organization\"},\"alternateName\":\"gite maison de vacances location dordogne perigord\",\"potentialAction\":[{\"@type\":\"SearchAction\",\"target\":{\"@type\":\"EntryPoint\",\"urlTemplate\":\"https:\\\/\\\/lesauthentiquesenperigord.com\\\/?s={search_term_string}\"},\"query-input\":{\"@type\":\"PropertyValueSpecification\",\"valueRequired\":true,\"valueName\":\"search_term_string\"}}],\"inLanguage\":\"fr-FR\"},{\"@type\":\"Organization\",\"@id\":\"https:\\\/\\\/lesauthentiquesenperigord.com\\\/#organization\",\"name\":\"Les Authentiques en P\u00e9rigord G\u00eetes et Demeures de charme en Dordogne P\u00e9rigord\",\"alternateName\":\"Les Authentiques en P\u00e9rigord G\u00eetes en Dordogne\",\"url\":\"https:\\\/\\\/lesauthentiquesenperigord.com\\\/\",\"logo\":{\"@type\":\"ImageObject\",\"inLanguage\":\"fr-FR\",\"@id\":\"https:\\\/\\\/lesauthentiquesenperigord.com\\\/#\\\/schema\\\/logo\\\/image\\\/\",\"url\":\"https:\\\/\\\/lesauthentiquesenperigord.com\\\/wp-content\\\/uploads\\\/2024\\\/07\\\/Les-Authentiques-fond-transparent.png\",\"contentUrl\":\"https:\\\/\\\/lesauthentiquesenperigord.com\\\/wp-content\\\/uploads\\\/2024\\\/07\\\/Les-Authentiques-fond-transparent.png\",\"width\":2076,\"height\":590,\"caption\":\"Les Authentiques en P\u00e9rigord G\u00eetes et Demeures de charme en Dordogne P\u00e9rigord\"},\"image\":{\"@id\":\"https:\\\/\\\/lesauthentiquesenperigord.com\\\/#\\\/schema\\\/logo\\\/image\\\/\"},\"sameAs\":[\"https:\\\/\\\/www.facebook.com\\\/profile.php?id=61562424307183\",\"https:\\\/\\\/www.instagram.com\\\/lesauthentiquesenperigord\\\/\"]}]}<\/script>\n<!-- \/ Yoast SEO plugin. -->","yoast_head_json":{"title":"gite en perigord avec piscineContact - lesauthentiquesenperigord.com","description":"gite en perigord avec piscine, Les Authentiques vous accueillent dans ses 3 g\u00eetes de charme au coeur du P\u00e9rigord Noir, pr\u00e8s de Sarlat.","robots":{"index":"index","follow":"follow","max-snippet":"max-snippet:-1","max-image-preview":"max-image-preview:large","max-video-preview":"max-video-preview:-1"},"canonical":"https:\/\/lesauthentiquesenperigord.com\/index.php\/contact\/","og_locale":"fr_FR","og_type":"article","og_title":"gite en perigord avec piscineContact - lesauthentiquesenperigord.com","og_description":"gite en perigord avec piscine, Les Authentiques vous accueillent dans ses 3 g\u00eetes de charme au coeur du P\u00e9rigord Noir, pr\u00e8s de Sarlat.","og_url":"https:\/\/lesauthentiquesenperigord.com\/index.php\/contact\/","og_site_name":"lesauthentiquesenperigord.com","article_publisher":"https:\/\/www.facebook.com\/profile.php?id=61562424307183","article_modified_time":"2025-05-26T08:36:57+00:00","og_image":[{"url":"https:\/\/lesauthentiquesenperigord.com\/wp-content\/plugins\/wpforms-lite\/assets\/images\/submit-spin.svg","type":"","width":"","height":""}],"twitter_card":"summary_large_image","twitter_misc":{"Dur\u00e9e de lecture estim\u00e9e":"1 minute"},"schema":{"@context":"https:\/\/schema.org","@graph":[{"@type":"WebPage","@id":"https:\/\/lesauthentiquesenperigord.com\/index.php\/contact\/","url":"https:\/\/lesauthentiquesenperigord.com\/index.php\/contact\/","name":"gite en perigord avec piscineContact - lesauthentiquesenperigord.com","isPartOf":{"@id":"https:\/\/lesauthentiquesenperigord.com\/#website"},"primaryImageOfPage":{"@id":"https:\/\/lesauthentiquesenperigord.com\/index.php\/contact\/#primaryimage"},"image":{"@id":"https:\/\/lesauthentiquesenperigord.com\/index.php\/contact\/#primaryimage"},"thumbnailUrl":"https:\/\/lesauthentiquesenperigord.com\/wp-content\/plugins\/wpforms-lite\/assets\/images\/submit-spin.svg","datePublished":"2024-06-04T15:38:55+00:00","dateModified":"2025-05-26T08:36:57+00:00","description":"gite en perigord avec piscine, Les Authentiques vous accueillent dans ses 3 g\u00eetes de charme au coeur du P\u00e9rigord Noir, pr\u00e8s de Sarlat.","breadcrumb":{"@id":"https:\/\/lesauthentiquesenperigord.com\/index.php\/contact\/#breadcrumb"},"inLanguage":"fr-FR","potentialAction":[{"@type":"ReadAction","target":["https:\/\/lesauthentiquesenperigord.com\/index.php\/contact\/"]}]},{"@type":"ImageObject","inLanguage":"fr-FR","@id":"https:\/\/lesauthentiquesenperigord.com\/index.php\/contact\/#primaryimage","url":"https:\/\/lesauthentiquesenperigord.com\/wp-content\/plugins\/wpforms-lite\/assets\/images\/submit-spin.svg","contentUrl":"https:\/\/lesauthentiquesenperigord.com\/wp-content\/plugins\/wpforms-lite\/assets\/images\/submit-spin.svg"},{"@type":"BreadcrumbList","@id":"https:\/\/lesauthentiquesenperigord.com\/index.php\/contact\/#breadcrumb","itemListElement":[{"@type":"ListItem","position":1,"name":"Accueil","item":"https:\/\/lesauthentiquesenperigord.com\/"},{"@type":"ListItem","position":2,"name":"Contact"}]},{"@type":"WebSite","@id":"https:\/\/lesauthentiquesenperigord.com\/#website","url":"https:\/\/lesauthentiquesenperigord.com\/","name":"lesauthentiquesenperigord.com","description":"Demeures de charme en P\u00e9rigord","publisher":{"@id":"https:\/\/lesauthentiquesenperigord.com\/#organization"},"alternateName":"gite maison de vacances location dordogne perigord","potentialAction":[{"@type":"SearchAction","target":{"@type":"EntryPoint","urlTemplate":"https:\/\/lesauthentiquesenperigord.com\/?s={search_term_string}"},"query-input":{"@type":"PropertyValueSpecification","valueRequired":true,"valueName":"search_term_string"}}],"inLanguage":"fr-FR"},{"@type":"Organization","@id":"https:\/\/lesauthentiquesenperigord.com\/#organization","name":"Les Authentiques en P\u00e9rigord G\u00eetes et Demeures de charme en Dordogne P\u00e9rigord","alternateName":"Les Authentiques en P\u00e9rigord G\u00eetes en Dordogne","url":"https:\/\/lesauthentiquesenperigord.com\/","logo":{"@type":"ImageObject","inLanguage":"fr-FR","@id":"https:\/\/lesauthentiquesenperigord.com\/#\/schema\/logo\/image\/","url":"https:\/\/lesauthentiquesenperigord.com\/wp-content\/uploads\/2024\/07\/Les-Authentiques-fond-transparent.png","contentUrl":"https:\/\/lesauthentiquesenperigord.com\/wp-content\/uploads\/2024\/07\/Les-Authentiques-fond-transparent.png","width":2076,"height":590,"caption":"Les Authentiques en P\u00e9rigord G\u00eetes et Demeures de charme en Dordogne P\u00e9rigord"},"image":{"@id":"https:\/\/lesauthentiquesenperigord.com\/#\/schema\/logo\/image\/"},"sameAs":["https:\/\/www.facebook.com\/profile.php?id=61562424307183","https:\/\/www.instagram.com\/lesauthentiquesenperigord\/"]}]}},"_links":{"self":[{"href":"https:\/\/lesauthentiquesenperigord.com\/index.php\/wp-json\/wp\/v2\/pages\/448","targetHints":{"allow":["GET"]}}],"collection":[{"href":"https:\/\/lesauthentiquesenperigord.com\/index.php\/wp-json\/wp\/v2\/pages"}],"about":[{"href":"https:\/\/lesauthentiquesenperigord.com\/index.php\/wp-json\/wp\/v2\/types\/page"}],"author":[{"embeddable":true,"href":"https:\/\/lesauthentiquesenperigord.com\/index.php\/wp-json\/wp\/v2\/users\/1"}],"replies":[{"embeddable":true,"href":"https:\/\/lesauthentiquesenperigord.com\/index.php\/wp-json\/wp\/v2\/comments?post=448"}],"version-history":[{"count":40,"href":"https:\/\/lesauthentiquesenperigord.com\/index.php\/wp-json\/wp\/v2\/pages\/448\/revisions"}],"predecessor-version":[{"id":8181,"href":"https:\/\/lesauthentiquesenperigord.com\/index.php\/wp-json\/wp\/v2\/pages\/448\/revisions\/8181"}],"wp:attachment":[{"href":"https:\/\/lesauthentiquesenperigord.com\/index.php\/wp-json\/wp\/v2\/media?parent=448"}],"curies":[{"name":"wp","href":"https:\/\/api.w.org\/{rel}","templated":true}]}}