{"id":444,"date":"2024-06-04T17:36:32","date_gmt":"2024-06-04T15:36:32","guid":{"rendered":"https:\/\/lesauthentiquesenperigord.com\/?page_id=444"},"modified":"2025-05-22T17:06:14","modified_gmt":"2025-05-22T15:06:14","slug":"nos-gites","status":"publish","type":"page","link":"https:\/\/lesauthentiquesenperigord.com\/index.php\/nos-gites\/","title":{"rendered":"Nos g\u00eetes"},"content":{"rendered":"\t\t<div data-elementor-type=\"wp-page\" data-elementor-id=\"444\" class=\"elementor elementor-444\">\n\t\t\t\t<div class=\"elementor-element elementor-element-87129de e-flex e-con-boxed wpr-particle-no wpr-jarallax-no wpr-parallax-no wpr-sticky-section-no wpr-equal-height-no e-con e-parent\" data-id=\"87129de\" data-element_type=\"container\" data-e-type=\"container\">\n\t\t\t\t\t<div class=\"e-con-inner\">\n\t\t\t\t<div class=\"elementor-element elementor-element-d88a7a9 elementor-widget elementor-widget-heading\" data-id=\"d88a7a9\" data-element_type=\"widget\" data-e-type=\"widget\" data-widget_type=\"heading.default\">\n\t\t\t\t<div class=\"elementor-widget-container\">\n\t\t\t\t\t<h1 class=\"elementor-heading-title elementor-size-default\">Nos G\u00eetes<\/h1>\t\t\t\t<\/div>\n\t\t\t\t<\/div>\n\t\t\t\t\t<\/div>\n\t\t\t\t<\/div>\n\t\t<div class=\"elementor-element elementor-element-24391da elementor-hidden-mobile e-flex e-con-boxed wpr-particle-no wpr-jarallax-no wpr-parallax-no wpr-sticky-section-no wpr-equal-height-no e-con e-parent\" data-id=\"24391da\" data-element_type=\"container\" data-e-type=\"container\" data-settings=\"{&quot;background_background&quot;:&quot;classic&quot;}\">\n\t\t\t\t\t<div class=\"e-con-inner\">\n\t\t\t\t\t<\/div>\n\t\t\t\t<\/div>\n\t\t<div class=\"elementor-element elementor-element-36b4355 elementor-hidden-mobile e-flex e-con-boxed wpr-particle-no wpr-jarallax-no wpr-parallax-no wpr-sticky-section-no wpr-equal-height-no e-con e-parent\" data-id=\"36b4355\" data-element_type=\"container\" data-e-type=\"container\" data-settings=\"{&quot;background_background&quot;:&quot;classic&quot;}\">\n\t\t\t\t\t<div class=\"e-con-inner\">\n\t\t<div class=\"elementor-element elementor-element-f833052 e-con-full e-transform e-flex wpr-particle-no wpr-jarallax-no wpr-parallax-no wpr-sticky-section-no wpr-equal-height-no e-con e-child\" data-id=\"f833052\" data-element_type=\"container\" data-e-type=\"container\" data-settings=\"{&quot;background_background&quot;:&quot;classic&quot;,&quot;_transform_scale_effect_hover&quot;:{&quot;unit&quot;:&quot;px&quot;,&quot;size&quot;:1.2,&quot;sizes&quot;:[]},&quot;_transform_scale_effect_hover_tablet&quot;:{&quot;unit&quot;:&quot;px&quot;,&quot;size&quot;:&quot;&quot;,&quot;sizes&quot;:[]},&quot;_transform_scale_effect_hover_mobile&quot;:{&quot;unit&quot;:&quot;px&quot;,&quot;size&quot;:&quot;&quot;,&quot;sizes&quot;:[]}}\">\n\t\t\t\t<div class=\"elementor-element elementor-element-95011ab elementor-widget elementor-widget-text-editor\" data-id=\"95011ab\" data-element_type=\"widget\" data-e-type=\"widget\" data-widget_type=\"text-editor.default\">\n\t\t\t\t<div class=\"elementor-widget-container\">\n\t\t\t\t\t\t\t\t\t<p>LA BORIE BLANCHE<\/p>\t\t\t\t\t\t\t\t<\/div>\n\t\t\t\t<\/div>\n\t\t\t\t<div class=\"elementor-element elementor-element-c9d0fb4 elementor-align-center elementor-widget elementor-widget-button\" data-id=\"c9d0fb4\" data-element_type=\"widget\" data-e-type=\"widget\" data-widget_type=\"button.default\">\n\t\t\t\t<div class=\"elementor-widget-container\">\n\t\t\t\t\t\t\t\t\t<div class=\"elementor-button-wrapper\">\n\t\t\t\t\t<a class=\"elementor-button elementor-button-link elementor-size-sm\" href=\"https:\/\/lesauthentiquesenperigord.com\/index.php\/la-borie-blanche\/\" target=\"_blank\">\n\t\t\t\t\t\t<span class=\"elementor-button-content-wrapper\">\n\t\t\t\t\t\t\t\t\t<span class=\"elementor-button-text\">D\u00e9couvrir en d\u00e9tails<\/span>\n\t\t\t\t\t<\/span>\n\t\t\t\t\t<\/a>\n\t\t\t\t<\/div>\n\t\t\t\t\t\t\t\t<\/div>\n\t\t\t\t<\/div>\n\t\t\t\t<\/div>\n\t\t<div class=\"elementor-element elementor-element-5a2e660 e-con-full e-transform e-flex wpr-particle-no wpr-jarallax-no wpr-parallax-no wpr-sticky-section-no wpr-equal-height-no e-con e-child\" data-id=\"5a2e660\" data-element_type=\"container\" data-e-type=\"container\" data-settings=\"{&quot;background_background&quot;:&quot;classic&quot;,&quot;_transform_scale_effect_hover&quot;:{&quot;unit&quot;:&quot;px&quot;,&quot;size&quot;:1.2,&quot;sizes&quot;:[]},&quot;_transform_scale_effect_hover_tablet&quot;:{&quot;unit&quot;:&quot;px&quot;,&quot;size&quot;:&quot;&quot;,&quot;sizes&quot;:[]},&quot;_transform_scale_effect_hover_mobile&quot;:{&quot;unit&quot;:&quot;px&quot;,&quot;size&quot;:&quot;&quot;,&quot;sizes&quot;:[]}}\">\n\t\t\t\t<div class=\"elementor-element elementor-element-f90208d elementor-widget elementor-widget-text-editor\" data-id=\"f90208d\" data-element_type=\"widget\" data-e-type=\"widget\" data-widget_type=\"text-editor.default\">\n\t\t\t\t<div class=\"elementor-widget-container\">\n\t\t\t\t\t\t\t\t\t<p>LA VILLA PARIS<\/p>\t\t\t\t\t\t\t\t<\/div>\n\t\t\t\t<\/div>\n\t\t\t\t<div class=\"elementor-element elementor-element-75a6d7a elementor-align-center elementor-widget elementor-widget-button\" data-id=\"75a6d7a\" data-element_type=\"widget\" data-e-type=\"widget\" data-widget_type=\"button.default\">\n\t\t\t\t<div class=\"elementor-widget-container\">\n\t\t\t\t\t\t\t\t\t<div class=\"elementor-button-wrapper\">\n\t\t\t\t\t<a class=\"elementor-button elementor-button-link elementor-size-sm\" href=\"https:\/\/lesauthentiquesenperigord.com\/index.php\/la-villa-paris\/\">\n\t\t\t\t\t\t<span class=\"elementor-button-content-wrapper\">\n\t\t\t\t\t\t\t\t\t<span class=\"elementor-button-text\">D\u00e9couvrir en d\u00e9tails<\/span>\n\t\t\t\t\t<\/span>\n\t\t\t\t\t<\/a>\n\t\t\t\t<\/div>\n\t\t\t\t\t\t\t\t<\/div>\n\t\t\t\t<\/div>\n\t\t\t\t<\/div>\n\t\t<div class=\"elementor-element elementor-element-c60efa9 e-con-full e-transform e-flex wpr-particle-no wpr-jarallax-no wpr-parallax-no wpr-sticky-section-no wpr-equal-height-no e-con e-child\" data-id=\"c60efa9\" data-element_type=\"container\" data-e-type=\"container\" data-settings=\"{&quot;background_background&quot;:&quot;classic&quot;,&quot;_transform_scale_effect_hover&quot;:{&quot;unit&quot;:&quot;px&quot;,&quot;size&quot;:1.2,&quot;sizes&quot;:[]},&quot;_transform_scale_effect_hover_tablet&quot;:{&quot;unit&quot;:&quot;px&quot;,&quot;size&quot;:&quot;&quot;,&quot;sizes&quot;:[]},&quot;_transform_scale_effect_hover_mobile&quot;:{&quot;unit&quot;:&quot;px&quot;,&quot;size&quot;:&quot;&quot;,&quot;sizes&quot;:[]}}\">\n\t\t\t\t<div class=\"elementor-element elementor-element-74f1578 elementor-widget elementor-widget-text-editor\" data-id=\"74f1578\" data-element_type=\"widget\" data-e-type=\"widget\" data-widget_type=\"text-editor.default\">\n\t\t\t\t<div class=\"elementor-widget-container\">\n\t\t\t\t\t\t\t\t\t<p>LE PRESBYTERE<\/p>\t\t\t\t\t\t\t\t<\/div>\n\t\t\t\t<\/div>\n\t\t\t\t<div class=\"elementor-element elementor-element-aa72003 elementor-align-center elementor-widget elementor-widget-button\" data-id=\"aa72003\" data-element_type=\"widget\" data-e-type=\"widget\" data-widget_type=\"button.default\">\n\t\t\t\t<div class=\"elementor-widget-container\">\n\t\t\t\t\t\t\t\t\t<div class=\"elementor-button-wrapper\">\n\t\t\t\t\t<a class=\"elementor-button elementor-button-link elementor-size-sm\" href=\"https:\/\/lesauthentiquesenperigord.com\/index.php\/le-presbytere\/\">\n\t\t\t\t\t\t<span class=\"elementor-button-content-wrapper\">\n\t\t\t\t\t\t\t\t\t<span class=\"elementor-button-text\">D\u00e9couvrir en d\u00e9tails<\/span>\n\t\t\t\t\t<\/span>\n\t\t\t\t\t<\/a>\n\t\t\t\t<\/div>\n\t\t\t\t\t\t\t\t<\/div>\n\t\t\t\t<\/div>\n\t\t\t\t<\/div>\n\t\t\t\t\t<\/div>\n\t\t\t\t<\/div>\n\t\t<div class=\"elementor-element elementor-element-f1a8380 e-flex e-con-boxed wpr-particle-no wpr-jarallax-no wpr-parallax-no wpr-sticky-section-no wpr-equal-height-no e-con e-parent\" data-id=\"f1a8380\" data-element_type=\"container\" data-e-type=\"container\">\n\t\t\t\t\t<div class=\"e-con-inner\">\n\t\t<div class=\"elementor-element elementor-element-7c19531 e-con-full e-flex wpr-particle-no wpr-jarallax-no wpr-parallax-no wpr-sticky-section-no wpr-equal-height-no e-con e-child\" data-id=\"7c19531\" data-element_type=\"container\" data-e-type=\"container\">\n\t\t\t\t<div class=\"elementor-element elementor-element-1187fdf elementor-widget elementor-widget-text-editor\" data-id=\"1187fdf\" data-element_type=\"widget\" data-e-type=\"widget\" data-widget_type=\"text-editor.default\">\n\t\t\t\t<div class=\"elementor-widget-container\">\n\t\t\t\t\t\t\t\t\t<p>Les Authentiques, ce sont 3 g\u00eetes de charme en Dordogne, \u00e0 quelques kilom\u00e8tres les uns des autres, ind\u00e9pendants, et chacun avec piscine chauff\u00e9e.<\/p><ul><li><a href=\"https:\/\/lesauthentiquesenperigord.com\/index.php\/la-borie-blanche\/\">La Borie Blanche<\/a><\/li><li><a href=\"https:\/\/lesauthentiquesenperigord.com\/index.php\/la-villa-paris\/\">Villa Paris<\/a><\/li><li><a href=\"https:\/\/lesauthentiquesenperigord.com\/index.php\/le-presbytere\/\">Le Presbyt\u00e8re<\/a><\/li><\/ul><p>D\u00e9couvrez nos trois g\u00eetes en Dordogne, au c\u0153ur du P\u00e9rigord Noir. Profitez d&rsquo;une piscine priv\u00e9e pour vos moments de d\u00e9tente. Situ\u00e9s pr\u00e8s de Sarlat et de la vall\u00e9e de la Dordogne, nos g\u00eetes offrent un acc\u00e8s facile aux tr\u00e9sors de la r\u00e9gion. Visitez les grottes de Lascaux et explorez le patrimoine exceptionnel du P\u00e9rigord Noir. Un s\u00e9jour inoubliable vous attend !<\/p>\t\t\t\t\t\t\t\t<\/div>\n\t\t\t\t<\/div>\n\t\t\t\t<\/div>\n\t\t\t\t\t<\/div>\n\t\t\t\t<\/div>\n\t\t<div class=\"elementor-element elementor-element-bd0ec2c elementor-hidden-desktop elementor-hidden-tablet e-flex e-con-boxed wpr-particle-no wpr-jarallax-no wpr-parallax-no wpr-sticky-section-no wpr-equal-height-no e-con e-parent\" data-id=\"bd0ec2c\" data-element_type=\"container\" data-e-type=\"container\" data-settings=\"{&quot;background_background&quot;:&quot;classic&quot;}\">\n\t\t\t\t\t<div class=\"e-con-inner\">\n\t\t<div class=\"elementor-element elementor-element-23be711 e-con-full e-flex wpr-particle-no wpr-jarallax-no wpr-parallax-no wpr-sticky-section-no wpr-equal-height-no e-con e-child\" data-id=\"23be711\" data-element_type=\"container\" data-e-type=\"container\" data-settings=\"{&quot;background_background&quot;:&quot;classic&quot;}\">\n\t\t\t\t<div class=\"elementor-element elementor-element-424f9bb elementor-widget elementor-widget-text-editor\" data-id=\"424f9bb\" data-element_type=\"widget\" data-e-type=\"widget\" data-widget_type=\"text-editor.default\">\n\t\t\t\t<div class=\"elementor-widget-container\">\n\t\t\t\t\t\t\t\t\t<p>LA BORIE BLANCHE<\/p>\t\t\t\t\t\t\t\t<\/div>\n\t\t\t\t<\/div>\n\t\t\t\t<div class=\"elementor-element elementor-element-58e3727 elementor-align-center elementor-widget elementor-widget-button\" data-id=\"58e3727\" data-element_type=\"widget\" data-e-type=\"widget\" data-widget_type=\"button.default\">\n\t\t\t\t<div class=\"elementor-widget-container\">\n\t\t\t\t\t\t\t\t\t<div class=\"elementor-button-wrapper\">\n\t\t\t\t\t<a class=\"elementor-button elementor-button-link elementor-size-sm\" href=\"https:\/\/lesauthentiquesenperigord.com\/index.php\/la-borie-blanche\/\" target=\"_blank\">\n\t\t\t\t\t\t<span class=\"elementor-button-content-wrapper\">\n\t\t\t\t\t\t\t\t\t<span class=\"elementor-button-text\">D\u00e9couvrir en d\u00e9tails<\/span>\n\t\t\t\t\t<\/span>\n\t\t\t\t\t<\/a>\n\t\t\t\t<\/div>\n\t\t\t\t\t\t\t\t<\/div>\n\t\t\t\t<\/div>\n\t\t\t\t<\/div>\n\t\t<div class=\"elementor-element elementor-element-896e272 e-con-full e-flex wpr-particle-no wpr-jarallax-no wpr-parallax-no wpr-sticky-section-no wpr-equal-height-no e-con e-child\" data-id=\"896e272\" data-element_type=\"container\" data-e-type=\"container\" data-settings=\"{&quot;background_background&quot;:&quot;classic&quot;}\">\n\t\t\t\t<div class=\"elementor-element elementor-element-9a4dbe9 elementor-widget elementor-widget-text-editor\" data-id=\"9a4dbe9\" data-element_type=\"widget\" data-e-type=\"widget\" data-widget_type=\"text-editor.default\">\n\t\t\t\t<div class=\"elementor-widget-container\">\n\t\t\t\t\t\t\t\t\t<p>LA VILLA PARIS<\/p>\t\t\t\t\t\t\t\t<\/div>\n\t\t\t\t<\/div>\n\t\t\t\t<div class=\"elementor-element elementor-element-5771e68 elementor-align-center elementor-widget elementor-widget-button\" data-id=\"5771e68\" data-element_type=\"widget\" data-e-type=\"widget\" data-widget_type=\"button.default\">\n\t\t\t\t<div class=\"elementor-widget-container\">\n\t\t\t\t\t\t\t\t\t<div class=\"elementor-button-wrapper\">\n\t\t\t\t\t<a class=\"elementor-button elementor-button-link elementor-size-sm\" href=\"https:\/\/lesauthentiquesenperigord.com\/index.php\/la-villa-paris\/\">\n\t\t\t\t\t\t<span class=\"elementor-button-content-wrapper\">\n\t\t\t\t\t\t\t\t\t<span class=\"elementor-button-text\">D\u00e9couvrir en d\u00e9tails<\/span>\n\t\t\t\t\t<\/span>\n\t\t\t\t\t<\/a>\n\t\t\t\t<\/div>\n\t\t\t\t\t\t\t\t<\/div>\n\t\t\t\t<\/div>\n\t\t\t\t<\/div>\n\t\t<div class=\"elementor-element elementor-element-a791d2d e-con-full e-flex wpr-particle-no wpr-jarallax-no wpr-parallax-no wpr-sticky-section-no wpr-equal-height-no e-con e-child\" data-id=\"a791d2d\" data-element_type=\"container\" data-e-type=\"container\" data-settings=\"{&quot;background_background&quot;:&quot;classic&quot;}\">\n\t\t\t\t<div class=\"elementor-element elementor-element-3f202d9 elementor-widget elementor-widget-text-editor\" data-id=\"3f202d9\" data-element_type=\"widget\" data-e-type=\"widget\" data-widget_type=\"text-editor.default\">\n\t\t\t\t<div class=\"elementor-widget-container\">\n\t\t\t\t\t\t\t\t\t<p>LE PRESBYTERE<\/p>\t\t\t\t\t\t\t\t<\/div>\n\t\t\t\t<\/div>\n\t\t\t\t<div class=\"elementor-element elementor-element-d20402e elementor-align-center elementor-widget elementor-widget-button\" data-id=\"d20402e\" data-element_type=\"widget\" data-e-type=\"widget\" data-widget_type=\"button.default\">\n\t\t\t\t<div class=\"elementor-widget-container\">\n\t\t\t\t\t\t\t\t\t<div class=\"elementor-button-wrapper\">\n\t\t\t\t\t<a class=\"elementor-button elementor-button-link elementor-size-sm\" href=\"https:\/\/lesauthentiquesenperigord.com\/index.php\/le-presbytere\/\">\n\t\t\t\t\t\t<span class=\"elementor-button-content-wrapper\">\n\t\t\t\t\t\t\t\t\t<span class=\"elementor-button-text\">D\u00e9couvrir en d\u00e9tails<\/span>\n\t\t\t\t\t<\/span>\n\t\t\t\t\t<\/a>\n\t\t\t\t<\/div>\n\t\t\t\t\t\t\t\t<\/div>\n\t\t\t\t<\/div>\n\t\t\t\t<\/div>\n\t\t\t\t\t<\/div>\n\t\t\t\t<\/div>\n\t\t\t\t<\/div>\n\t\t","protected":false},"excerpt":{"rendered":"<p>Nos G\u00eetes LA BORIE BLANCHE D\u00e9couvrir en d\u00e9tails LA VILLA PARIS D\u00e9couvrir en d\u00e9tails LE PRESBYTERE D\u00e9couvrir en d\u00e9tails Les Authentiques, ce sont 3 g\u00eetes de charme en Dordogne, \u00e0 quelques kilom\u00e8tres les uns des autres, ind\u00e9pendants, et chacun avec piscine chauff\u00e9e. La Borie Blanche Villa Paris Le Presbyt\u00e8re D\u00e9couvrez nos trois g\u00eetes en Dordogne, au c\u0153ur du P\u00e9rigord Noir. Profitez d&rsquo;une piscine priv\u00e9e pour vos moments de d\u00e9tente. Situ\u00e9s pr\u00e8s de Sarlat et de la vall\u00e9e de la Dordogne, nos g\u00eetes offrent un acc\u00e8s facile aux tr\u00e9sors de la r\u00e9gion. Visitez les grottes de Lascaux et explorez le patrimoine exceptionnel du P\u00e9rigord Noir. Un s\u00e9jour inoubliable vous attend ! LA BORIE BLANCHE D\u00e9couvrir en d\u00e9tails LA VILLA PARIS D\u00e9couvrir en d\u00e9tails LE PRESBYTERE D\u00e9couvrir en d\u00e9tails<\/p>\n","protected":false},"author":1,"featured_media":0,"parent":0,"menu_order":0,"comment_status":"closed","ping_status":"closed","template":"","meta":{"_monsterinsights_skip_tracking":false,"_monsterinsights_sitenote_active":false,"_monsterinsights_sitenote_note":"","_monsterinsights_sitenote_category":0,"footnotes":""},"class_list":["post-444","page","type-page","status-publish","hentry","entry"],"yoast_head":"<!-- This site is optimized with the Yoast SEO plugin v27.4 - https:\/\/yoast.com\/product\/yoast-seo-wordpress\/ -->\n<title>g\u00eete en dordogne avec piscine Nos g\u00eetes - lesauthentiquesenperigord.com<\/title>\n<meta name=\"description\" content=\"g\u00eetes en Dordogne avec piscine, maisons de vacances, Sarlat, Monpazier, Villefranche du P\u00e9rigord, piscine, Lascaux, demeures de charme\" \/>\n<meta name=\"robots\" content=\"index, follow, max-snippet:-1, max-image-preview:large, max-video-preview:-1\" \/>\n<link rel=\"canonical\" href=\"https:\/\/lesauthentiquesenperigord.com\/index.php\/nos-gites\/\" \/>\n<meta property=\"og:locale\" content=\"fr_FR\" \/>\n<meta property=\"og:type\" content=\"article\" \/>\n<meta property=\"og:title\" content=\"g\u00eete en dordogne avec piscine Nos g\u00eetes - lesauthentiquesenperigord.com\" \/>\n<meta property=\"og:description\" content=\"g\u00eetes en Dordogne avec piscine, maisons de vacances, Sarlat, Monpazier, Villefranche du P\u00e9rigord, piscine, Lascaux, demeures de charme\" \/>\n<meta property=\"og:url\" content=\"https:\/\/lesauthentiquesenperigord.com\/index.php\/nos-gites\/\" \/>\n<meta property=\"og:site_name\" content=\"lesauthentiquesenperigord.com\" \/>\n<meta property=\"article:publisher\" content=\"https:\/\/www.facebook.com\/profile.php?id=61562424307183\" \/>\n<meta property=\"article:modified_time\" content=\"2025-05-22T15:06:14+00:00\" \/>\n<meta property=\"og:image\" content=\"https:\/\/lesauthentiquesenperigord.com\/wp-content\/uploads\/2024\/07\/Les-Authentiques-fond-transparent.png\" \/>\n\t<meta property=\"og:image:width\" content=\"2076\" \/>\n\t<meta property=\"og:image:height\" content=\"590\" \/>\n\t<meta property=\"og:image:type\" content=\"image\/png\" \/>\n<meta name=\"twitter:card\" content=\"summary_large_image\" \/>\n<meta name=\"twitter:label1\" content=\"Dur\u00e9e de lecture estim\u00e9e\" \/>\n\t<meta name=\"twitter:data1\" content=\"1 minute\" \/>\n<script type=\"application\/ld+json\" class=\"yoast-schema-graph\">{\"@context\":\"https:\\\/\\\/schema.org\",\"@graph\":[{\"@type\":\"WebPage\",\"@id\":\"https:\\\/\\\/lesauthentiquesenperigord.com\\\/index.php\\\/nos-gites\\\/\",\"url\":\"https:\\\/\\\/lesauthentiquesenperigord.com\\\/index.php\\\/nos-gites\\\/\",\"name\":\"g\u00eete en dordogne avec piscine Nos g\u00eetes - lesauthentiquesenperigord.com\",\"isPartOf\":{\"@id\":\"https:\\\/\\\/lesauthentiquesenperigord.com\\\/#website\"},\"datePublished\":\"2024-06-04T15:36:32+00:00\",\"dateModified\":\"2025-05-22T15:06:14+00:00\",\"description\":\"g\u00eetes en Dordogne avec piscine, maisons de vacances, Sarlat, Monpazier, Villefranche du P\u00e9rigord, piscine, Lascaux, demeures de charme\",\"breadcrumb\":{\"@id\":\"https:\\\/\\\/lesauthentiquesenperigord.com\\\/index.php\\\/nos-gites\\\/#breadcrumb\"},\"inLanguage\":\"fr-FR\",\"potentialAction\":[{\"@type\":\"ReadAction\",\"target\":[\"https:\\\/\\\/lesauthentiquesenperigord.com\\\/index.php\\\/nos-gites\\\/\"]}]},{\"@type\":\"BreadcrumbList\",\"@id\":\"https:\\\/\\\/lesauthentiquesenperigord.com\\\/index.php\\\/nos-gites\\\/#breadcrumb\",\"itemListElement\":[{\"@type\":\"ListItem\",\"position\":1,\"name\":\"Accueil\",\"item\":\"https:\\\/\\\/lesauthentiquesenperigord.com\\\/\"},{\"@type\":\"ListItem\",\"position\":2,\"name\":\"Nos g\u00eetes\"}]},{\"@type\":\"WebSite\",\"@id\":\"https:\\\/\\\/lesauthentiquesenperigord.com\\\/#website\",\"url\":\"https:\\\/\\\/lesauthentiquesenperigord.com\\\/\",\"name\":\"lesauthentiquesenperigord.com\",\"description\":\"Demeures de charme en P\u00e9rigord\",\"publisher\":{\"@id\":\"https:\\\/\\\/lesauthentiquesenperigord.com\\\/#organization\"},\"alternateName\":\"gite maison de vacances location dordogne perigord\",\"potentialAction\":[{\"@type\":\"SearchAction\",\"target\":{\"@type\":\"EntryPoint\",\"urlTemplate\":\"https:\\\/\\\/lesauthentiquesenperigord.com\\\/?s={search_term_string}\"},\"query-input\":{\"@type\":\"PropertyValueSpecification\",\"valueRequired\":true,\"valueName\":\"search_term_string\"}}],\"inLanguage\":\"fr-FR\"},{\"@type\":\"Organization\",\"@id\":\"https:\\\/\\\/lesauthentiquesenperigord.com\\\/#organization\",\"name\":\"Les Authentiques en P\u00e9rigord G\u00eetes et Demeures de charme en Dordogne P\u00e9rigord\",\"alternateName\":\"Les Authentiques en P\u00e9rigord G\u00eetes en Dordogne\",\"url\":\"https:\\\/\\\/lesauthentiquesenperigord.com\\\/\",\"logo\":{\"@type\":\"ImageObject\",\"inLanguage\":\"fr-FR\",\"@id\":\"https:\\\/\\\/lesauthentiquesenperigord.com\\\/#\\\/schema\\\/logo\\\/image\\\/\",\"url\":\"https:\\\/\\\/lesauthentiquesenperigord.com\\\/wp-content\\\/uploads\\\/2024\\\/07\\\/Les-Authentiques-fond-transparent.png\",\"contentUrl\":\"https:\\\/\\\/lesauthentiquesenperigord.com\\\/wp-content\\\/uploads\\\/2024\\\/07\\\/Les-Authentiques-fond-transparent.png\",\"width\":2076,\"height\":590,\"caption\":\"Les Authentiques en P\u00e9rigord G\u00eetes et Demeures de charme en Dordogne P\u00e9rigord\"},\"image\":{\"@id\":\"https:\\\/\\\/lesauthentiquesenperigord.com\\\/#\\\/schema\\\/logo\\\/image\\\/\"},\"sameAs\":[\"https:\\\/\\\/www.facebook.com\\\/profile.php?id=61562424307183\",\"https:\\\/\\\/www.instagram.com\\\/lesauthentiquesenperigord\\\/\"]}]}<\/script>\n<!-- \/ Yoast SEO plugin. -->","yoast_head_json":{"title":"g\u00eete en dordogne avec piscine Nos g\u00eetes - lesauthentiquesenperigord.com","description":"g\u00eetes en Dordogne avec piscine, maisons de vacances, Sarlat, Monpazier, Villefranche du P\u00e9rigord, piscine, Lascaux, demeures de charme","robots":{"index":"index","follow":"follow","max-snippet":"max-snippet:-1","max-image-preview":"max-image-preview:large","max-video-preview":"max-video-preview:-1"},"canonical":"https:\/\/lesauthentiquesenperigord.com\/index.php\/nos-gites\/","og_locale":"fr_FR","og_type":"article","og_title":"g\u00eete en dordogne avec piscine Nos g\u00eetes - lesauthentiquesenperigord.com","og_description":"g\u00eetes en Dordogne avec piscine, maisons de vacances, Sarlat, Monpazier, Villefranche du P\u00e9rigord, piscine, Lascaux, demeures de charme","og_url":"https:\/\/lesauthentiquesenperigord.com\/index.php\/nos-gites\/","og_site_name":"lesauthentiquesenperigord.com","article_publisher":"https:\/\/www.facebook.com\/profile.php?id=61562424307183","article_modified_time":"2025-05-22T15:06:14+00:00","og_image":[{"width":2076,"height":590,"url":"https:\/\/lesauthentiquesenperigord.com\/wp-content\/uploads\/2024\/07\/Les-Authentiques-fond-transparent.png","type":"image\/png"}],"twitter_card":"summary_large_image","twitter_misc":{"Dur\u00e9e de lecture estim\u00e9e":"1 minute"},"schema":{"@context":"https:\/\/schema.org","@graph":[{"@type":"WebPage","@id":"https:\/\/lesauthentiquesenperigord.com\/index.php\/nos-gites\/","url":"https:\/\/lesauthentiquesenperigord.com\/index.php\/nos-gites\/","name":"g\u00eete en dordogne avec piscine Nos g\u00eetes - lesauthentiquesenperigord.com","isPartOf":{"@id":"https:\/\/lesauthentiquesenperigord.com\/#website"},"datePublished":"2024-06-04T15:36:32+00:00","dateModified":"2025-05-22T15:06:14+00:00","description":"g\u00eetes en Dordogne avec piscine, maisons de vacances, Sarlat, Monpazier, Villefranche du P\u00e9rigord, piscine, Lascaux, demeures de charme","breadcrumb":{"@id":"https:\/\/lesauthentiquesenperigord.com\/index.php\/nos-gites\/#breadcrumb"},"inLanguage":"fr-FR","potentialAction":[{"@type":"ReadAction","target":["https:\/\/lesauthentiquesenperigord.com\/index.php\/nos-gites\/"]}]},{"@type":"BreadcrumbList","@id":"https:\/\/lesauthentiquesenperigord.com\/index.php\/nos-gites\/#breadcrumb","itemListElement":[{"@type":"ListItem","position":1,"name":"Accueil","item":"https:\/\/lesauthentiquesenperigord.com\/"},{"@type":"ListItem","position":2,"name":"Nos g\u00eetes"}]},{"@type":"WebSite","@id":"https:\/\/lesauthentiquesenperigord.com\/#website","url":"https:\/\/lesauthentiquesenperigord.com\/","name":"lesauthentiquesenperigord.com","description":"Demeures de charme en P\u00e9rigord","publisher":{"@id":"https:\/\/lesauthentiquesenperigord.com\/#organization"},"alternateName":"gite maison de vacances location dordogne perigord","potentialAction":[{"@type":"SearchAction","target":{"@type":"EntryPoint","urlTemplate":"https:\/\/lesauthentiquesenperigord.com\/?s={search_term_string}"},"query-input":{"@type":"PropertyValueSpecification","valueRequired":true,"valueName":"search_term_string"}}],"inLanguage":"fr-FR"},{"@type":"Organization","@id":"https:\/\/lesauthentiquesenperigord.com\/#organization","name":"Les Authentiques en P\u00e9rigord G\u00eetes et Demeures de charme en Dordogne P\u00e9rigord","alternateName":"Les Authentiques en P\u00e9rigord G\u00eetes en Dordogne","url":"https:\/\/lesauthentiquesenperigord.com\/","logo":{"@type":"ImageObject","inLanguage":"fr-FR","@id":"https:\/\/lesauthentiquesenperigord.com\/#\/schema\/logo\/image\/","url":"https:\/\/lesauthentiquesenperigord.com\/wp-content\/uploads\/2024\/07\/Les-Authentiques-fond-transparent.png","contentUrl":"https:\/\/lesauthentiquesenperigord.com\/wp-content\/uploads\/2024\/07\/Les-Authentiques-fond-transparent.png","width":2076,"height":590,"caption":"Les Authentiques en P\u00e9rigord G\u00eetes et Demeures de charme en Dordogne P\u00e9rigord"},"image":{"@id":"https:\/\/lesauthentiquesenperigord.com\/#\/schema\/logo\/image\/"},"sameAs":["https:\/\/www.facebook.com\/profile.php?id=61562424307183","https:\/\/www.instagram.com\/lesauthentiquesenperigord\/"]}]}},"_links":{"self":[{"href":"https:\/\/lesauthentiquesenperigord.com\/index.php\/wp-json\/wp\/v2\/pages\/444","targetHints":{"allow":["GET"]}}],"collection":[{"href":"https:\/\/lesauthentiquesenperigord.com\/index.php\/wp-json\/wp\/v2\/pages"}],"about":[{"href":"https:\/\/lesauthentiquesenperigord.com\/index.php\/wp-json\/wp\/v2\/types\/page"}],"author":[{"embeddable":true,"href":"https:\/\/lesauthentiquesenperigord.com\/index.php\/wp-json\/wp\/v2\/users\/1"}],"replies":[{"embeddable":true,"href":"https:\/\/lesauthentiquesenperigord.com\/index.php\/wp-json\/wp\/v2\/comments?post=444"}],"version-history":[{"count":124,"href":"https:\/\/lesauthentiquesenperigord.com\/index.php\/wp-json\/wp\/v2\/pages\/444\/revisions"}],"predecessor-version":[{"id":9969,"href":"https:\/\/lesauthentiquesenperigord.com\/index.php\/wp-json\/wp\/v2\/pages\/444\/revisions\/9969"}],"wp:attachment":[{"href":"https:\/\/lesauthentiquesenperigord.com\/index.php\/wp-json\/wp\/v2\/media?parent=444"}],"curies":[{"name":"wp","href":"https:\/\/api.w.org\/{rel}","templated":true}]}}